{"id":3575,"date":"2020-02-19T18:59:16","date_gmt":"2020-02-19T23:59:16","guid":{"rendered":"http:\/\/www.dcamportal.org\/?page_id=3575"},"modified":"2020-03-02T09:58:02","modified_gmt":"2020-03-02T14:58:02","slug":"dcam-faqs","status":"publish","type":"page","link":"https:\/\/staging.dcamportal.org\/fr_ca\/portal-tutorial\/dcam-faqs\/","title":{"rendered":"FAQ"},"content":{"rendered":"\n<p>The FAQs intends to act as a self-serve tool for members to find reliable information on the <a href=\"http:\/\/www.dcamportal.org\/dcam_framework\/\" target=\"_blank\" rel=\"noreferrer noopener\" aria-label=\"DCAM Framework (opens in a new tab)\">DCAM Framework<\/a>, the <a href=\"https:\/\/edmcouncil.org\/members\/member_engagement\/groups.aspx?id=195841\" target=\"_blank\" rel=\"noreferrer noopener\" aria-label=\"DCAM User Group (opens in a new tab)\">DCAM User Group<\/a>, <a href=\"https:\/\/edmcouncil.org\/default.aspx\" target=\"_blank\" rel=\"noreferrer noopener\" aria-label=\"EDM Council (opens in a new tab)\">EDM Council<\/a>, and related topics.  <\/p>\n\n\n\n<blockquote class=\"wp-block-quote\"><p><span style=\"color:#313131\" class=\"color is-layout-flow wp-block-quote-is-layout-flow\">If you have a question related to a specific best practice, please post a comment at the end of the best practice article, or browse the Forums in the <a href=\"http:\/\/www.dcamportal.org\/knowledge-base\/\" target=\"_blank\" rel=\"noreferrer noopener\" aria-label=\"Knowledge Base (opens in a new tab)\">Knowledge Base<\/a> to engage in discussion on various topics.<\/span><\/p><\/blockquote>\n\n\n\n<div style=\"height:61px\" aria-hidden=\"true\" class=\"wp-block-spacer\"><\/div>\n\n\n<p>[ultimate-faqs]<\/p>\n\n\n\n<div style=\"height:45px\" aria-hidden=\"true\" class=\"wp-block-spacer\"><\/div>\n\n\n\n<h2 class=\"wp-block-heading\">Contact Us<\/h2>\n\n\n\n<p>For immediate answers to questions not addressed in the FAQ above, please contact us at <a rel=\"noreferrer noopener\" aria-label=\"KnowledgeManager@edmcouncil.org (opens in a new tab)\" href=\"mailto:KnowledgeManager@edmcouncil.org\" target=\"_blank\">KnowledgeManager@edmcouncil.org<\/a><\/p>\n\n\n\n<p><\/p>\n","protected":false},"excerpt":{"rendered":"<p>The FAQs intends to act as a self-serve tool for members to find reliable information on the DCAM Framework, the DCAM User Group, EDM Council, and related topics. If you have a question related to a specific best practice, please post a comment at the end of the best practice article, or browse the Forums [&hellip;]<\/p>\n","protected":false},"author":5,"featured_media":0,"parent":967,"menu_order":0,"comment_status":"closed","ping_status":"closed","template":"","meta":{"_acf_changed":false,"_bbp_topic_count":0,"_bbp_reply_count":0,"_bbp_total_topic_count":0,"_bbp_total_reply_count":0,"_bbp_voice_count":0,"_bbp_anonymous_reply_count":0,"_bbp_topic_count_hidden":0,"_bbp_reply_count_hidden":0,"_bbp_forum_subforum_count":0,"_lmt_disableupdate":"","_lmt_disable":"","advgb_blocks_editor_width":"","advgb_blocks_columns_visual_guide":"","footnotes":"","_links_to":"","_links_to_target":""},"class_list":["post-3575","page","type-page","status-publish","hentry"],"acf":[],"coauthors":[],"author_meta":{"author_link":"https:\/\/staging.dcamportal.org\/fr_ca\/author\/knowledge-manager\/","display_name":"Knowledge Manager"},"relative_dates":{"created":"Posted 6 ann\u00e9es ago","modified":"Updated 6 ann\u00e9es ago"},"absolute_dates":{"created":"Posted on f\u00e9vrier 19, 2020","modified":"Updated on mars 2, 2020"},"absolute_dates_time":{"created":"Posted on f\u00e9vrier 19, 2020 ","modified":"Updated on mars 2, 2020 "},"featured_img_caption":"","featured_img":false,"series_order":"","jetpack_sharing_enabled":true,"jetpack_shortlink":"https:\/\/wp.me\/PgScg5-VF","jetpack-related-posts":[],"_links":{"self":[{"href":"https:\/\/staging.dcamportal.org\/fr_ca\/wp-json\/wp\/v2\/pages\/3575","targetHints":{"allow":["GET"]}}],"collection":[{"href":"https:\/\/staging.dcamportal.org\/fr_ca\/wp-json\/wp\/v2\/pages"}],"about":[{"href":"https:\/\/staging.dcamportal.org\/fr_ca\/wp-json\/wp\/v2\/types\/page"}],"author":[{"embeddable":true,"href":"https:\/\/staging.dcamportal.org\/fr_ca\/wp-json\/wp\/v2\/users\/5"}],"replies":[{"embeddable":true,"href":"https:\/\/staging.dcamportal.org\/fr_ca\/wp-json\/wp\/v2\/comments?post=3575"}],"version-history":[{"count":26,"href":"https:\/\/staging.dcamportal.org\/fr_ca\/wp-json\/wp\/v2\/pages\/3575\/revisions"}],"predecessor-version":[{"id":4082,"href":"https:\/\/staging.dcamportal.org\/fr_ca\/wp-json\/wp\/v2\/pages\/3575\/revisions\/4082"}],"up":[{"embeddable":true,"href":"https:\/\/staging.dcamportal.org\/fr_ca\/wp-json\/wp\/v2\/pages\/967"}],"wp:attachment":[{"href":"https:\/\/staging.dcamportal.org\/fr_ca\/wp-json\/wp\/v2\/media?parent=3575"}],"curies":[{"name":"wp","href":"https:\/\/api.w.org\/{rel}","templated":true}]}}