{"id":3475,"date":"2020-01-30T18:08:52","date_gmt":"2020-01-30T23:08:52","guid":{"rendered":"http:\/\/www.dcamportal.org\/?page_id=3475"},"modified":"2020-02-25T15:30:49","modified_gmt":"2020-02-25T20:30:49","slug":"about-us","status":"publish","type":"page","link":"https:\/\/staging.dcamportal.org\/fr_ca\/about-us\/","title":{"rendered":"A propos de nous"},"content":{"rendered":"<h2 class=\"wp-block-heading\">The EDM Council<\/h2>\n\n\n\n<p>The EDM Council is a global organization, with over 200 member organizations from the US, Canada, UK, Europe, South Africa, Japan, Asia, Singapore, and Australia, with over 200 organizations and 10,000 data management professionals as members.<\/p>\n\n\n\n<p>The EDM Council provides a venue for data professionals to interact, communicate, and collaborate on the challenges and advances in data management as a critical organizational function. The Council provides research, education and exposure to how data, as an asset, is being curated today, and a vision of how it must be managed in the future.<\/p>\n\n\n\n<h2 class=\"wp-block-heading\">The DCAM User Group<\/h2>\n\n\n\n<p>EDM Council members work collaboratively to define and publish best practice for effective Data Management. All Best Practice work is grounded in the <strong><em>WHAT<\/em><\/strong> &#8211; essential principles found in the Data Management Capabilities Assessment Model (DCAM\u00ae). The Best Practice Program objective is to develop the <strong><em>How<\/em><\/strong> &#8211; documenting the experiences of data management practitioners to support the development and refinement of standard Data Management processes and tools across the full range of capabilities.<\/p>\n\n\n\n<p>The Council also conducts a\nbiennial benchmarking study as a baseline for evaluating progress, publishes a business\nglossary of data management terms to support stakeholder communication and\nengages with global regulators to promote more effective public\/private\npartnerships. <\/p>","protected":false},"excerpt":{"rendered":"<p>The EDM Council The EDM Council is a global organization, with over 200 member organizations from the US, Canada, UK, Europe, South Africa, Japan, Asia, Singapore, and Australia, with over 200 organizations and 10,000 data management professionals as members. The EDM Council provides a venue for data professionals to interact, communicate, and collaborate on the [&hellip;]<\/p>\n","protected":false},"author":823,"featured_media":0,"parent":0,"menu_order":5,"comment_status":"closed","ping_status":"closed","template":"","meta":{"_acf_changed":false,"_bbp_topic_count":0,"_bbp_reply_count":0,"_bbp_total_topic_count":0,"_bbp_total_reply_count":0,"_bbp_voice_count":0,"_bbp_anonymous_reply_count":0,"_bbp_topic_count_hidden":0,"_bbp_reply_count_hidden":0,"_bbp_forum_subforum_count":0,"_lmt_disableupdate":"","_lmt_disable":"","advgb_blocks_editor_width":"","advgb_blocks_columns_visual_guide":"","footnotes":"","_links_to":"","_links_to_target":""},"class_list":["post-3475","page","type-page","status-publish","hentry"],"acf":[],"coauthors":[],"author_meta":{"author_link":"https:\/\/staging.dcamportal.org\/fr_ca\/author\/markmcqueen\/","display_name":"Mark McQueen"},"relative_dates":{"created":"Posted 6 ann\u00e9es ago","modified":"Updated 6 ann\u00e9es ago"},"absolute_dates":{"created":"Posted on janvier 30, 2020","modified":"Updated on f\u00e9vrier 25, 2020"},"absolute_dates_time":{"created":"Posted on janvier 30, 2020 ","modified":"Updated on f\u00e9vrier 25, 2020 "},"featured_img_caption":"","featured_img":false,"series_order":"","jetpack_sharing_enabled":true,"jetpack_shortlink":"https:\/\/wp.me\/PgScg5-U3","jetpack-related-posts":[],"_links":{"self":[{"href":"https:\/\/staging.dcamportal.org\/fr_ca\/wp-json\/wp\/v2\/pages\/3475","targetHints":{"allow":["GET"]}}],"collection":[{"href":"https:\/\/staging.dcamportal.org\/fr_ca\/wp-json\/wp\/v2\/pages"}],"about":[{"href":"https:\/\/staging.dcamportal.org\/fr_ca\/wp-json\/wp\/v2\/types\/page"}],"author":[{"embeddable":true,"href":"https:\/\/staging.dcamportal.org\/fr_ca\/wp-json\/wp\/v2\/users\/823"}],"replies":[{"embeddable":true,"href":"https:\/\/staging.dcamportal.org\/fr_ca\/wp-json\/wp\/v2\/comments?post=3475"}],"version-history":[{"count":4,"href":"https:\/\/staging.dcamportal.org\/fr_ca\/wp-json\/wp\/v2\/pages\/3475\/revisions"}],"predecessor-version":[{"id":3677,"href":"https:\/\/staging.dcamportal.org\/fr_ca\/wp-json\/wp\/v2\/pages\/3475\/revisions\/3677"}],"wp:attachment":[{"href":"https:\/\/staging.dcamportal.org\/fr_ca\/wp-json\/wp\/v2\/media?parent=3475"}],"curies":[{"name":"wp","href":"https:\/\/api.w.org\/{rel}","templated":true}]}}