{"id":11,"date":"2017-08-16T18:28:43","date_gmt":"2017-08-16T23:28:43","guid":{"rendered":"http:\/\/datamgmtdn.com\/?page_id=11"},"modified":"2021-09-27T09:12:25","modified_gmt":"2021-09-27T13:12:25","slug":"home","status":"publish","type":"page","link":"https:\/\/staging.dcamportal.org\/fr_ca\/","title":{"rendered":"Home"},"content":{"rendered":"","protected":false},"excerpt":{"rendered":"","protected":false},"author":5,"featured_media":0,"parent":0,"menu_order":27,"comment_status":"closed","ping_status":"closed","template":"template-home.php","meta":{"_acf_changed":false,"_bbp_topic_count":0,"_bbp_reply_count":0,"_bbp_total_topic_count":0,"_bbp_total_reply_count":0,"_bbp_voice_count":0,"_bbp_anonymous_reply_count":0,"_bbp_topic_count_hidden":0,"_bbp_reply_count_hidden":0,"_bbp_forum_subforum_count":0,"_lmt_disableupdate":"no","_lmt_disable":"","advgb_blocks_editor_width":"","advgb_blocks_columns_visual_guide":"","footnotes":"","_links_to":"","_links_to_target":""},"class_list":["post-11","page","type-page","status-publish","hentry"],"acf":[],"coauthors":[],"author_meta":{"author_link":"https:\/\/staging.dcamportal.org\/fr_ca\/author\/knowledge-manager\/","display_name":"Knowledge Manager"},"relative_dates":{"created":"Posted 9 ann\u00e9es ago","modified":"Updated 5 ann\u00e9es ago"},"absolute_dates":{"created":"Posted on ao\u00fbt 16, 2017","modified":"Updated on septembre 27, 2021"},"absolute_dates_time":{"created":"Posted on ao\u00fbt 16, 2017 ","modified":"Updated on septembre 27, 2021 "},"featured_img_caption":"","featured_img":false,"series_order":"","jetpack_sharing_enabled":false,"jetpack_shortlink":"https:\/\/wp.me\/PgScg5-b","jetpack-related-posts":[],"_links":{"self":[{"href":"https:\/\/staging.dcamportal.org\/fr_ca\/wp-json\/wp\/v2\/pages\/11","targetHints":{"allow":["GET"]}}],"collection":[{"href":"https:\/\/staging.dcamportal.org\/fr_ca\/wp-json\/wp\/v2\/pages"}],"about":[{"href":"https:\/\/staging.dcamportal.org\/fr_ca\/wp-json\/wp\/v2\/types\/page"}],"author":[{"embeddable":true,"href":"https:\/\/staging.dcamportal.org\/fr_ca\/wp-json\/wp\/v2\/users\/5"}],"replies":[{"embeddable":true,"href":"https:\/\/staging.dcamportal.org\/fr_ca\/wp-json\/wp\/v2\/comments?post=11"}],"version-history":[{"count":1,"href":"https:\/\/staging.dcamportal.org\/fr_ca\/wp-json\/wp\/v2\/pages\/11\/revisions"}],"predecessor-version":[{"id":12,"href":"https:\/\/staging.dcamportal.org\/fr_ca\/wp-json\/wp\/v2\/pages\/11\/revisions\/12"}],"wp:attachment":[{"href":"https:\/\/staging.dcamportal.org\/fr_ca\/wp-json\/wp\/v2\/media?parent=11"}],"curies":[{"name":"wp","href":"https:\/\/api.w.org\/{rel}","templated":true}]}}