{"id":967,"date":"2017-09-08T07:15:58","date_gmt":"2017-09-08T12:15:58","guid":{"rendered":"http:\/\/datamgmtdn.com\/?page_id=967"},"modified":"2020-03-12T16:51:34","modified_gmt":"2020-03-12T20:51:34","slug":"portal-tutorial","status":"publish","type":"page","link":"https:\/\/staging.dcamportal.org\/fr\/portal-tutorial\/","title":{"rendered":"Tutoriel du portail"},"content":{"rendered":"<hr class=\"wp-block-separator is-style-wide\"\/>\n\n\n\n<h1 class=\"wp-block-heading\">La sagesse des foules<\/h1>\n\n\n\n<p>Le portail de connaissances DCAM est une communaut\u00e9 de praticiens membres du Conseil EDM, d\u00e9di\u00e9e \u00e0 la promotion et \u00e0 l&#039;adoption de processus, d&#039;outils et de structures de gestion des donn\u00e9es conformes aux normes de l&#039;industrie et bas\u00e9s sur le cadre DCAM. En collaborant avec vous et d&#039;autres praticiens, nous cr\u00e9erons ensemble des solutions pratiques. <strong><em>C\u00f4t\u00e9 COMMENT<\/em><\/strong> Ex\u00e9cutions pour la gestion des donn\u00e9es. L&#039;intelligence collective vaut mieux qu&#039;individuelle.<\/p>\n\n\n\n<h1 class=\"wp-block-heading\">Organiser les connaissances<\/h1>\n\n\n\n<p>Le portail de connaissances organise les meilleures pratiques selon le cadre DCAM du Conseil EDM. L&#039;ensemble du contenu est conforme aux sept composantes DCAM de ce cadre.<\/p>\n\n\n\n<h2 class=\"wp-block-heading\"><a href=\"http:\/\/www.dcamportal.org\/dcam_framework\/\">Cadre du DCAM<\/a><\/h2>\n\n\n\n<p>Le portail de connaissances inclut une diffusion enti\u00e8rement num\u00e9rique du cadre DCAM. <\/p>\n\n\n\n<p>Le glossaire m\u00e9tier de gestion des donn\u00e9es est int\u00e9gr\u00e9 au contenu du portail et propose une d\u00e9finition au survol de la souris pour tous les termes d\u00e9finis dans le glossaire.<\/p>\n\n\n\n<p>Le cadre DCAM repr\u00e9sente le&nbsp;<strong><em>QUOI<\/em><\/strong>&nbsp;\u2013 ce qui est n\u00e9cessaire pour r\u00e9ussir une initiative de gestion des donn\u00e9es. <\/p>\n\n\n\n<p>Le contenu du portail de connaissances est con\u00e7u pour aller plus loin et d\u00e9finir&nbsp;<strong><em>COMMENT&nbsp;<\/em><\/strong>\u2013 et ce, en collaboration avec les membres du Conseil et les experts du secteur. Les connaissances ainsi acquises sont conformes au cadre DCAM. <\/p>\n\n\n\n<div class=\"wp-block-image\"><figure class=\"aligncenter size-large is-resized\"><img data-attachment-id=\"2567\" data-permalink=\"https:\/\/staging.dcamportal.org\/fr\/kb_diagram_04\/\" data-orig-file=\"https:\/\/i0.wp.com\/staging.dcamportal.org\/wp-content\/uploads\/2019\/09\/kb_diagram_04.png?fit=1092%2C881&amp;ssl=1\" data-orig-size=\"1092,881\" data-comments-opened=\"1\" data-image-meta=\"{&quot;aperture&quot;:&quot;0&quot;,&quot;credit&quot;:&quot;&quot;,&quot;camera&quot;:&quot;&quot;,&quot;caption&quot;:&quot;&quot;,&quot;created_timestamp&quot;:&quot;0&quot;,&quot;copyright&quot;:&quot;&quot;,&quot;focal_length&quot;:&quot;0&quot;,&quot;iso&quot;:&quot;0&quot;,&quot;shutter_speed&quot;:&quot;0&quot;,&quot;title&quot;:&quot;&quot;,&quot;orientation&quot;:&quot;0&quot;}\" data-image-title=\"kb_diagram_04\" data-image-description=\"\" data-image-caption=\"\" data-medium-file=\"https:\/\/i0.wp.com\/staging.dcamportal.org\/wp-content\/uploads\/2019\/09\/kb_diagram_04.png?fit=300%2C242&amp;ssl=1\" data-large-file=\"https:\/\/i0.wp.com\/staging.dcamportal.org\/wp-content\/uploads\/2019\/09\/kb_diagram_04.png?fit=699%2C564&amp;ssl=1\" data-original=\"http:\/\/www.dcamportal.org\/wp-content\/uploads\/2019\/09\/kb_diagram_04-1024x826.png\" alt=\"\" class=\"wp-image-2567\" width=\"500\"\/><\/figure><\/div>\n\n\n\n<h2 class=\"wp-block-heading\"><a href=\"http:\/\/www.dcamportal.org\/knowledge-directory\/\">Base de connaissances<\/a><\/h2>\n\n\n\n<p>Liste compl\u00e8te des forums et des meilleures pratiques, class\u00e9s selon les sept composantes du DCAM.<\/p>\n\n\n\n<blockquote class=\"wp-block-quote\"><p><strong><em><span style=\"color:#313131\" class=\"color is-layout-flow wp-block-quote-is-layout-flow\">Ce n&#039;est qu&#039;un d\u00e9but. La base de connaissances est la structure qui permettra d&#039;organiser notre exp\u00e9rience collective et de formaliser les meilleures pratiques afin de soutenir une culture des donn\u00e9es coh\u00e9rente, reproductible et durable au sein de nos organisations.<\/span><\/em><\/strong> <\/p><\/blockquote>\n\n\n\n<p><\/p>\n\n\n\n<h3 class=\"wp-block-heading\">Forums<\/h3>\n\n\n\n<p>Le Forum des connaissances est un espace de discussion ouvert portant sur de multiples sujets, organis\u00e9 selon les composantes du cadre DCAM. Ce forum permet d&#039;\u00e9changer avec d&#039;autres praticiens membres sur les d\u00e9fis et les r\u00e9ussites rencontr\u00e9s par les organisations dans la mise en \u0153uvre du cadre DCAM.<\/p>\n\n\n\n<h3 class=\"wp-block-heading\">Articles<\/h3>\n\n\n\n<p>Une collection d&#039;articles, de processus, d&#039;outils et de concepts de bonnes pratiques organis\u00e9s selon les composantes du cadre DCAM. <strong><em>comment<\/em><\/strong> Des informations d\u00e9taill\u00e9es et pertinentes. Toutes les bonnes pratiques pr\u00e9sent\u00e9es dans la base de connaissances ont \u00e9t\u00e9 valid\u00e9es par des sp\u00e9cialistes des donn\u00e9es et approuv\u00e9es par la gouvernance DCAM. <\/p>\n\n\n\n<p>Toutes les meilleures pratiques ont un <em>Commentaire<\/em> Cette fonctionnalit\u00e9 est disponible. N&#039;h\u00e9sitez pas \u00e0 nous faire part de vos commentaires afin de contribuer \u00e0 son am\u00e9lioration continue.<\/p>\n\n\n\n<p><strong>Plus d&#039;informations\u00a0:<\/strong><\/p>\n\n\n\n<ul class=\"wp-block-list\"><li><a href=\"http:\/\/www.dcamportal.org\/portal-tutorial\/using-a-best-practice\/\" target=\"_blank\" rel=\"noreferrer noopener\" aria-label=\"Utilisation d&#039;une bonne pratique (ouvre dans un nouvel onglet)\">Utilisation d'une meilleure pratique<\/a><\/li><\/ul>\n\n\n\n<h3 class=\"wp-block-heading\">Mod\u00e8les<\/h3>\n\n\n\n<p>Tirer parti de <a href=\"https:\/\/www.solidatus.com\/edm-council-dcam\/\" target=\"_blank\" rel=\"noreferrer noopener\" aria-label=\" (ouvre dans un nouvel onglet)\">Outil de mod\u00e9lisation Solidatus<\/a>, Un ensemble de mod\u00e8les \u00e9tablit des liens entre le cadre DCAM, les exigences r\u00e9glementaires et les outils et concepts de bonnes pratiques. La visualisation des relations qui en r\u00e9sulte acc\u00e9l\u00e8re la compr\u00e9hension et la prise de d\u00e9cision. <\/p>\n\n\n\n<p><a rel=\"noreferrer noopener\" aria-label=\"Groupe d&#039;utilisateurs DCAM (ouvre dans un nouvel onglet)\" href=\"https:\/\/edmcouncil.org\/members\/member_engagement\/groups.aspx?id=195841\" target=\"_blank\">Groupe d&#039;utilisateurs DCAM<\/a> Les membres ont acc\u00e8s gratuitement aux versions en lecture seule de ces mod\u00e8les. Pour obtenir une version modifiable et personnalisable pour une entreprise ou une organisation sp\u00e9cifique, ils peuvent acheter une version \u00e9tendue. <strong><a href=\"https:\/\/www.solidatus.com\/edm-council-dcam\/\" target=\"_blank\" rel=\"noreferrer noopener\">Licence Solidatus Pro<\/a>.<\/strong><\/p>\n\n\n\n<p><strong>Plus d&#039;informations\u00a0:<\/strong><\/p>\n\n\n\n<ul class=\"wp-block-list\"><li><a href=\"https:\/\/youtu.be\/rtU6Z2JqrCI\" target=\"_blank\" rel=\"noreferrer noopener\" aria-label=\" (ouvre dans un nouvel onglet)\">Vid\u00e9o d&#039;introduction aux mod\u00e8les de connaissances DCAM<\/a><\/li><li><a rel=\"noreferrer noopener\" href=\"https:\/\/edmcouncil.org\/global_engine\/download.aspx?fileid=EE217D91-87EE-415E-9B2C-5840695CC701&amp;ext=pdf\" target=\"_blank\">Mod\u00e8les de connaissances DCAM \u2013 Guide de l&#039;utilisateur<\/a><\/li><\/ul>\n\n\n\n<h2 class=\"wp-block-heading\"><a href=\"http:\/\/www.dcamportal.org\/glossary\/\">Glossaire d&#039;affaires DM<\/a><\/h2>\n\n\n\n<p>Le <strong>Glossaire d&#039;affaires DM<\/strong> Inclut tous les termes et d\u00e9finitions d\u00e9finis par le Conseil EDM.<\/p>\n\n\n\n<p>Les termes sont align\u00e9s sur un ou plusieurs des sept composants DCAM. De nombreux termes comportent \u00e9galement des \u00e9tiquettes qui cr\u00e9ent des sous-groupes de termes connexes (par exemple, architecture des donn\u00e9es, r\u00f4les et responsabilit\u00e9s, approvisionnement, m\u00e9tadonn\u00e9es, gouvernance et qualit\u00e9 des donn\u00e9es).<\/p>\n\n\n\n<p>Chaque fois qu&#039;un terme du glossaire est utilis\u00e9 dans le <strong>Portail de connaissances<\/strong>, Elle appara\u00eetra sous forme de lien hypertexte permettant d&#039;acc\u00e9der \u00e0 la d\u00e9finition au survol de la souris. Les utilisateurs sont invit\u00e9s \u00e0 donner leur avis sur les termes actuels ou \u00e0 faire des propositions. <a rel=\"noreferrer noopener\" aria-label=\"nouveaux termes (ouvre dans un nouvel onglet)\" href=\"http:\/\/www.dcamportal.org\/suggest-a-term\/\" target=\"_blank\">nouveaux termes<\/a>.<\/p>\n\n\n\n<h1 class=\"wp-block-heading\">Rejoindre la foule<\/h1>\n\n\n\n<p>Si ce n&#039;est d\u00e9j\u00e0 fait, pour recevoir des notifications sur toutes les activit\u00e9s li\u00e9es \u00e0 DCAM, nous vous invitons \u00e0 rejoindre le groupe d&#039;utilisateurs DCAM. Devenez un expert et partagez vos bonnes pratiques avec les autres professionnels du secteur. &nbsp;<a href=\"https:\/\/edmcouncil.org\/members\/member_engagement\/groups.aspx?id=195841\">&nbsp;Inscrivez-vous maintenant<\/a><\/p>\n\n\n\n<h1 class=\"wp-block-heading\">Partagez l&#039;invitation<\/h1>\n\n\n\n<p>Partagez cette invitation avec les autres professionnels de votre organisation \u2013 mobilisons-nous !. <\/p>\n\n\n\n<blockquote class=\"wp-block-quote\"><p><em><span style=\"color:#313131\" class=\"color is-layout-flow wp-block-quote-is-layout-flow\">Je suis membre du groupe d&#039;utilisateurs DCAM. C&#039;est l\u00e0 que je suis au courant de tout ce qui concerne DCAM. Je peux partager mes connaissances et poser des questions sur les meilleures pratiques aux autres utilisateurs de DCAM. Notre organisation est membre du Conseil EDM. Vous pouvez nous rejoindre. <a href=\"https:\/\/edmcouncil.org\/members\/member_engagement\/groups.aspx?id=195841\">Groupe d&#039;utilisateurs DCAM<\/a> et acc\u00e9der \u00e0 toutes les connaissances relatives au DCAM.<\/span><\/em><\/p><\/blockquote>\n\n\n\n<p> <\/p>","protected":false},"excerpt":{"rendered":"<p>Wisdom of the Crowd The DCAM Knowledge Portal is a community of EDM Council member practitioners dedicated to the advancement and adoption of industry-standard Data Management processes, tools, and constructs based on the DCAM Framework. Working with you and other practitioners, together we will create practical HOW-side executions for Data Management. The wisdom of many [&hellip;]<\/p>\n","protected":false},"author":5,"featured_media":0,"parent":0,"menu_order":21,"comment_status":"closed","ping_status":"closed","template":"","meta":{"_acf_changed":false,"_bbp_topic_count":0,"_bbp_reply_count":0,"_bbp_total_topic_count":0,"_bbp_total_reply_count":0,"_bbp_voice_count":0,"_bbp_anonymous_reply_count":0,"_bbp_topic_count_hidden":0,"_bbp_reply_count_hidden":0,"_bbp_forum_subforum_count":0,"_lmt_disableupdate":"","_lmt_disable":"","advgb_blocks_editor_width":"","advgb_blocks_columns_visual_guide":"","footnotes":"","_links_to":"","_links_to_target":""},"class_list":["post-967","page","type-page","status-publish","hentry"],"acf":[],"coauthors":[],"author_meta":{"author_link":"https:\/\/staging.dcamportal.org\/fr\/author\/knowledge-manager\/","display_name":"Knowledge Manager"},"relative_dates":{"created":"Publi\u00e9 9 ans il y a","modified":"Mis \u00e0 jour 6 ans il y a"},"absolute_dates":{"created":"Publi\u00e9 le septembre 8, 2017","modified":"Mise \u00e0 jour le mars 12, 2020"},"absolute_dates_time":{"created":"Publi\u00e9 le septembre 8, 2017 ","modified":"Mise \u00e0 jour le mars 12, 2020 "},"featured_img_caption":"","featured_img":false,"series_order":"","jetpack_sharing_enabled":true,"jetpack_shortlink":"https:\/\/wp.me\/PgScg5-fB","jetpack-related-posts":[],"_links":{"self":[{"href":"https:\/\/staging.dcamportal.org\/fr\/wp-json\/wp\/v2\/pages\/967","targetHints":{"allow":["GET"]}}],"collection":[{"href":"https:\/\/staging.dcamportal.org\/fr\/wp-json\/wp\/v2\/pages"}],"about":[{"href":"https:\/\/staging.dcamportal.org\/fr\/wp-json\/wp\/v2\/types\/page"}],"author":[{"embeddable":true,"href":"https:\/\/staging.dcamportal.org\/fr\/wp-json\/wp\/v2\/users\/5"}],"replies":[{"embeddable":true,"href":"https:\/\/staging.dcamportal.org\/fr\/wp-json\/wp\/v2\/comments?post=967"}],"version-history":[{"count":36,"href":"https:\/\/staging.dcamportal.org\/fr\/wp-json\/wp\/v2\/pages\/967\/revisions"}],"predecessor-version":[{"id":4150,"href":"https:\/\/staging.dcamportal.org\/fr\/wp-json\/wp\/v2\/pages\/967\/revisions\/4150"}],"wp:attachment":[{"href":"https:\/\/staging.dcamportal.org\/fr\/wp-json\/wp\/v2\/media?parent=967"}],"curies":[{"name":"wp","href":"https:\/\/api.w.org\/{rel}","templated":true}]}}