{"id":3475,"date":"2020-01-30T18:08:52","date_gmt":"2020-01-30T23:08:52","guid":{"rendered":"http:\/\/www.dcamportal.org\/?page_id=3475"},"modified":"2020-02-25T15:30:49","modified_gmt":"2020-02-25T20:30:49","slug":"about-us","status":"publish","type":"page","link":"https:\/\/staging.dcamportal.org\/fr\/about-us\/","title":{"rendered":"\u00c0 propos de nous"},"content":{"rendered":"<h2 class=\"wp-block-heading\">Le Conseil EDM<\/h2>\n\n\n\n<p>L&#039;EDM Council est une organisation mondiale qui compte plus de 200 organisations membres originaires des \u00c9tats-Unis, du Canada, du Royaume-Uni, d&#039;Europe, d&#039;Afrique du Sud, du Japon, d&#039;Asie, de Singapour et d&#039;Australie, et qui regroupe plus de 10\u00a0000 professionnels de la gestion des donn\u00e9es.<\/p>\n\n\n\n<p>Le Conseil EDM offre aux professionnels des donn\u00e9es un espace d&#039;\u00e9change et de collaboration sur les enjeux et les progr\u00e8s de la gestion des donn\u00e9es, fonction essentielle au sein des organisations. Il propose des recherches, des formations et des informations sur les pratiques actuelles de gestion des donn\u00e9es en tant qu&#039;actif, ainsi qu&#039;une vision de leur gestion future.<\/p>\n\n\n\n<h2 class=\"wp-block-heading\">Le groupe d&#039;utilisateurs DCAM<\/h2>\n\n\n\n<p>Les membres du Conseil EDM collaborent pour d\u00e9finir et publier les meilleures pratiques en mati\u00e8re de gestion efficace des donn\u00e9es. Tous les travaux relatifs aux meilleures pratiques s&#039;appuient sur les principes suivants\u00a0: <strong><em>QUOI<\/em><\/strong> \u2013 les principes essentiels du mod\u00e8le d\u2019\u00e9valuation des capacit\u00e9s de gestion des donn\u00e9es (DCAM\u00ae). L\u2019objectif du programme de bonnes pratiques est de d\u00e9velopper <strong><em>Comment<\/em><\/strong> \u2013 documenter les exp\u00e9riences des praticiens de la gestion des donn\u00e9es afin de soutenir le d\u00e9veloppement et le perfectionnement des processus et outils standard de gestion des donn\u00e9es pour l\u2019ensemble des capacit\u00e9s.<\/p>\n\n\n\n<p>Le Conseil r\u00e9alise \u00e9galement une \u00e9tude comparative bisannuelle servant de base de r\u00e9f\u00e9rence pour \u00e9valuer les progr\u00e8s accomplis, publie un glossaire commercial des termes de gestion des donn\u00e9es pour faciliter la communication avec les parties prenantes et collabore avec les organismes de r\u00e9glementation mondiaux afin de promouvoir des partenariats public-priv\u00e9 plus efficaces. <\/p>","protected":false},"excerpt":{"rendered":"<p>The EDM Council The EDM Council is a global organization, with over 200 member organizations from the US, Canada, UK, Europe, South Africa, Japan, Asia, Singapore, and Australia, with over 200 organizations and 10,000 data management professionals as members. The EDM Council provides a venue for data professionals to interact, communicate, and collaborate on the [&hellip;]<\/p>\n","protected":false},"author":823,"featured_media":0,"parent":0,"menu_order":5,"comment_status":"closed","ping_status":"closed","template":"","meta":{"_acf_changed":false,"_bbp_topic_count":0,"_bbp_reply_count":0,"_bbp_total_topic_count":0,"_bbp_total_reply_count":0,"_bbp_voice_count":0,"_bbp_anonymous_reply_count":0,"_bbp_topic_count_hidden":0,"_bbp_reply_count_hidden":0,"_bbp_forum_subforum_count":0,"_lmt_disableupdate":"","_lmt_disable":"","advgb_blocks_editor_width":"","advgb_blocks_columns_visual_guide":"","footnotes":"","_links_to":"","_links_to_target":""},"class_list":["post-3475","page","type-page","status-publish","hentry"],"acf":[],"coauthors":[],"author_meta":{"author_link":"https:\/\/staging.dcamportal.org\/fr\/author\/markmcqueen\/","display_name":"Mark McQueen"},"relative_dates":{"created":"Publi\u00e9 6 ans il y a","modified":"Mis \u00e0 jour 6 ans il y a"},"absolute_dates":{"created":"Publi\u00e9 le janvier 30, 2020","modified":"Mise \u00e0 jour le f\u00e9vrier 25, 2020"},"absolute_dates_time":{"created":"Publi\u00e9 le janvier 30, 2020 ","modified":"Mise \u00e0 jour le f\u00e9vrier 25, 2020 "},"featured_img_caption":"","featured_img":false,"series_order":"","jetpack_sharing_enabled":true,"jetpack_shortlink":"https:\/\/wp.me\/PgScg5-U3","jetpack-related-posts":[],"_links":{"self":[{"href":"https:\/\/staging.dcamportal.org\/fr\/wp-json\/wp\/v2\/pages\/3475","targetHints":{"allow":["GET"]}}],"collection":[{"href":"https:\/\/staging.dcamportal.org\/fr\/wp-json\/wp\/v2\/pages"}],"about":[{"href":"https:\/\/staging.dcamportal.org\/fr\/wp-json\/wp\/v2\/types\/page"}],"author":[{"embeddable":true,"href":"https:\/\/staging.dcamportal.org\/fr\/wp-json\/wp\/v2\/users\/823"}],"replies":[{"embeddable":true,"href":"https:\/\/staging.dcamportal.org\/fr\/wp-json\/wp\/v2\/comments?post=3475"}],"version-history":[{"count":4,"href":"https:\/\/staging.dcamportal.org\/fr\/wp-json\/wp\/v2\/pages\/3475\/revisions"}],"predecessor-version":[{"id":3677,"href":"https:\/\/staging.dcamportal.org\/fr\/wp-json\/wp\/v2\/pages\/3475\/revisions\/3677"}],"wp:attachment":[{"href":"https:\/\/staging.dcamportal.org\/fr\/wp-json\/wp\/v2\/media?parent=3475"}],"curies":[{"name":"wp","href":"https:\/\/api.w.org\/{rel}","templated":true}]}}